{"id":28871,"date":"2024-09-12T12:09:42","date_gmt":"2024-09-12T10:09:42","guid":{"rendered":"https:\/\/soluo-groupepb.org\/?page_id=28871"},"modified":"2025-10-09T16:19:18","modified_gmt":"2025-10-09T14:19:18","slug":"rse","status":"publish","type":"page","link":"https:\/\/soluo-groupepb.org\/en\/rse\/","title":{"rendered":"RSE"},"content":{"rendered":"<div data-elementor-type=\"wp-page\" data-elementor-id=\"28871\" class=\"elementor elementor-28871\">\n\t\t\t\t\t\t<section class=\"elementor-section elementor-top-section elementor-element elementor-element-ae3bf1c elementor-section-full_width elementor-section-height-default elementor-section-height-default\" data-id=\"ae3bf1c\" data-element_type=\"section\" data-e-type=\"section\">\n\t\t\t\t\t\t<div class=\"elementor-container elementor-column-gap-default\">\n\t\t\t\t\t<div class=\"elementor-column elementor-col-100 elementor-top-column elementor-element elementor-element-4ac0a62\" data-id=\"4ac0a62\" data-element_type=\"column\" data-e-type=\"column\">\n\t\t\t<div class=\"elementor-widget-wrap\">\n\t\t\t\t\t\t\t<\/div>\n\t\t<\/div>\n\t\t\t\t\t<\/div>\n\t\t<\/section>\n\t\t\t\t<section class=\"elementor-section elementor-top-section elementor-element elementor-element-8865496 elementor-section-boxed elementor-section-height-default elementor-section-height-default\" data-id=\"8865496\" data-element_type=\"section\" data-e-type=\"section\">\n\t\t\t\t\t\t<div class=\"elementor-container elementor-column-gap-default\">\n\t\t\t\t\t<div class=\"elementor-column elementor-col-50 elementor-top-column elementor-element elementor-element-79aca5c\" data-id=\"79aca5c\" data-element_type=\"column\" data-e-type=\"column\">\n\t\t\t<div class=\"elementor-widget-wrap\">\n\t\t\t\t\t\t\t<\/div>\n\t\t<\/div>\n\t\t\t\t<div class=\"elementor-column elementor-col-50 elementor-top-column elementor-element elementor-element-49dd37b\" data-id=\"49dd37b\" data-element_type=\"column\" data-e-type=\"column\">\n\t\t\t<div class=\"elementor-widget-wrap\">\n\t\t\t\t\t\t\t<\/div>\n\t\t<\/div>\n\t\t\t\t\t<\/div>\n\t\t<\/section>\n\t\t\t\t<section class=\"elementor-section elementor-top-section elementor-element elementor-element-9ec59ea elementor-section-boxed elementor-section-height-default elementor-section-height-default\" data-id=\"9ec59ea\" data-element_type=\"section\" data-e-type=\"section\">\n\t\t\t\t\t\t<div class=\"elementor-container elementor-column-gap-default\">\n\t\t\t\t\t<div class=\"elementor-column elementor-col-100 elementor-top-column elementor-element elementor-element-98b802a\" data-id=\"98b802a\" data-element_type=\"column\" data-e-type=\"column\">\n\t\t\t<div class=\"elementor-widget-wrap elementor-element-populated\">\n\t\t\t\t\t\t<div class=\"elementor-element elementor-element-e13e5e4 elementor-widget elementor-widget-spacer\" data-id=\"e13e5e4\" data-element_type=\"widget\" data-e-type=\"widget\" data-widget_type=\"spacer.default\">\n\t\t\t\t<div class=\"elementor-widget-container\">\n\t\t\t\t\t\t\t<div class=\"elementor-spacer\">\n\t\t\t<div class=\"elementor-spacer-inner\"><\/div>\n\t\t<\/div>\n\t\t\t\t\t\t<\/div>\n\t\t\t\t<\/div>\n\t\t\t\t<div class=\"elementor-element elementor-element-8f0a9f9 elementor-widget elementor-widget-image\" data-id=\"8f0a9f9\" data-element_type=\"widget\" data-e-type=\"widget\" data-widget_type=\"image.default\">\n\t\t\t\t<div class=\"elementor-widget-container\">\n\t\t\t\t\t\t\t\t\t\t\t\t\t\t\t<img decoding=\"async\" src=\"https:\/\/soluo-groupepb.org\/wp-content\/uploads\/elementor\/thumbs\/Main-logo-de-SOLUO-1-rcygo58z23ofk9eo3rtyt066hn20shn65un93skjns.png\" title=\"Main logo de SOLUO\" alt=\"Main logo de SOLUO\" loading=\"lazy\" \/>\t\t\t\t\t\t\t\t\t\t\t\t\t\t\t<\/div>\n\t\t\t\t<\/div>\n\t\t\t\t<div class=\"elementor-element elementor-element-e0dad2f elementor-widget elementor-widget-text-editor\" data-id=\"e0dad2f\" data-element_type=\"widget\" data-e-type=\"widget\" data-widget_type=\"text-editor.default\">\n\t\t\t\t<div class=\"elementor-widget-container\">\n\t\t\t\t\t\t\t\t\t<div><p><b>Soluo met tout en \u0153uvre au quotidien pour respecter 3 principaux items qui sont la Responsabilit\u00e9, le Social et l\u2019Environnement pour r\u00e9pondre au mieux \u00e0 vos attentes tout en nous engageant dans cette dynamique.<\/b><\/p><\/div><div><b>\u2022 Responsabilit\u00e9 :<\/b><\/div><div>&#8211; Partager la vie \u00e9conomique de l\u2019entreprise aupr\u00e8s des collaborateurs<\/div><div>&#8211; Favoriser l\u2019eco-conception des produits en interne via notre bureau d\u2019\u00e9tude<\/div><div>&#8211; Assurer une politique achat responsable pour prot\u00e9ger la ressource (Achat de bois issu de for\u00eats g\u00e9r\u00e9es durablement et de mati\u00e8res recycl\u00e9es)<\/div><div>&#8211; R\u00e9duire l\u2019\u00e9mission de carbone<\/div><div>\u00a0<\/div><div><b>\u2022 Social :<\/b><\/div><div>&#8211; Favoriser l\u2019\u00e9galit\u00e9 hommes \/ femmes<\/div><div>&#8211; Viser le 0 AT<\/div><div>&#8211; Favoriser l\u2019inclusion dans l\u2019emploi avec 65% de nos collaborateurs en situation de handicap<\/div><div>&#8211; Etre une passerelle en faveur de l\u2019inclusion ainsi qu\u2019\u00eatre un tremplin vers d\u2019autres employeurs priv\u00e9s ou publics<\/div><div>&#8211; Faire \u00e9voluer les collaborateurs en interne via la formation<\/div><div>&#8211; R\u00e9duire le niveau d\u2019\u00e9mission sonore des \u00e9quipements industriels \/ b\u00e2timents<\/div><div>&#8211; Favoriser le bien \u00eatre des collaborateurs via les actions de QVT (sensibilisation, actions bien-\u00eatre)<\/div><div>&#8211; D\u00e9velopper les \u00e9v\u00e9nements d\u2019entreprise (portes ouvertes, moments festifs)<\/div><div>&#8211; S\u2019engager \u00e0 investir pour am\u00e9liorer l\u2019environnement de travail (espaces de d\u00e9tente, bureaux, ateliers, lieux communs\u2026)<\/div><div><p>&#8211; Mettre \u00e0 jour du Document Unique<\/p><\/div><div><b>\u2022 Environnement :<\/b><\/div><div>&#8211; R\u00e9duire et revaloriser l\u2019ensemble des d\u00e9chets en lien avec nos partenaires<\/div><div>&#8211; Am\u00e9liorer des indicateurs du Bilan Carbone<\/div><div>&#8211; Trier, revaloriser et r\u00e9utiliser l\u2019ensemble de nos rebuts de production dans le process fabrication en parti<\/div><div>&#8211; Utiliser le chauffage biomasse<\/div><div>&#8211; R\u00e9aliser des \u00e9tudes environnementales (pr\u00e9server des espaces verts)<\/div><div>&#8211; Mettre en place de collectes de produits perdus pour les reconditionner et leur donner une seconde vie<\/div><div>&#8211; D\u00e9velopper les \u00e9nergies renouvelables (panneaux solaires)<\/div><div>&#8211; Contribuer \u00e0 la transition \u00e9nerg\u00e9tique (bornes de recharge \u00e9lectriques, \u00e9clairage led)<\/div>\t\t\t\t\t\t\t\t<\/div>\n\t\t\t\t<\/div>\n\t\t\t\t<div class=\"elementor-element elementor-element-ef053db elementor-widget elementor-widget-spacer\" data-id=\"ef053db\" data-element_type=\"widget\" data-e-type=\"widget\" data-widget_type=\"spacer.default\">\n\t\t\t\t<div class=\"elementor-widget-container\">\n\t\t\t\t\t\t\t<div class=\"elementor-spacer\">\n\t\t\t<div class=\"elementor-spacer-inner\"><\/div>\n\t\t<\/div>\n\t\t\t\t\t\t<\/div>\n\t\t\t\t<\/div>\n\t\t\t\t\t<\/div>\n\t\t<\/div>\n\t\t\t\t\t<\/div>\n\t\t<\/section>\n\t\t\t\t<section class=\"elementor-section elementor-top-section elementor-element elementor-element-c66af1d elementor-section-boxed elementor-section-height-default elementor-section-height-default\" data-id=\"c66af1d\" data-element_type=\"section\" data-e-type=\"section\">\n\t\t\t\t\t\t<div class=\"elementor-container elementor-column-gap-default\">\n\t\t\t\t\t<div class=\"elementor-column elementor-col-50 elementor-top-column elementor-element elementor-element-00d1de4\" data-id=\"00d1de4\" data-element_type=\"column\" data-e-type=\"column\">\n\t\t\t<div class=\"elementor-widget-wrap\">\n\t\t\t\t\t\t\t<\/div>\n\t\t<\/div>\n\t\t\t\t<div class=\"elementor-column elementor-col-50 elementor-top-column elementor-element elementor-element-864dadd\" data-id=\"864dadd\" data-element_type=\"column\" data-e-type=\"column\">\n\t\t\t<div class=\"elementor-widget-wrap\">\n\t\t\t\t\t\t\t<\/div>\n\t\t<\/div>\n\t\t\t\t\t<\/div>\n\t\t<\/section>\n\t\t\t\t<\/div>","protected":false},"excerpt":{"rendered":"<p>Soluo met tout en \u0153uvre au quotidien pour respecter 3 principaux items qui sont la Responsabilit\u00e9, le Social et l\u2019Environnement [&hellip;]<\/p>\n","protected":false},"author":2,"featured_media":0,"parent":0,"menu_order":0,"comment_status":"closed","ping_status":"closed","template":"elementor_header_footer","meta":{"site-sidebar-layout":"no-sidebar","site-content-layout":"","ast-site-content-layout":"full-width-container","site-content-style":"default","site-sidebar-style":"default","ast-global-header-display":"","ast-banner-title-visibility":"","ast-main-header-display":"","ast-hfb-above-header-display":"","ast-hfb-below-header-display":"","ast-hfb-mobile-header-display":"","site-post-title":"disabled","ast-breadcrumbs-content":"","ast-featured-img":"disabled","footer-sml-layout":"","theme-transparent-header-meta":"","adv-header-id-meta":"","stick-header-meta":"","header-above-stick-meta":"","header-main-stick-meta":"","header-below-stick-meta":"","astra-migrate-meta-layouts":"default","ast-page-background-enabled":"default","ast-page-background-meta":{"desktop":{"background-color":"var(--ast-global-color-4)","background-image":"","background-repeat":"repeat","background-position":"center center","background-size":"auto","background-attachment":"scroll","background-type":"","background-media":"","overlay-type":"","overlay-color":"","overlay-opacity":"","overlay-gradient":""},"tablet":{"background-color":"","background-image":"","background-repeat":"repeat","background-position":"center center","background-size":"auto","background-attachment":"scroll","background-type":"","background-media":"","overlay-type":"","overlay-color":"","overlay-opacity":"","overlay-gradient":""},"mobile":{"background-color":"","background-image":"","background-repeat":"repeat","background-position":"center center","background-size":"auto","background-attachment":"scroll","background-type":"","background-media":"","overlay-type":"","overlay-color":"","overlay-opacity":"","overlay-gradient":""}},"ast-content-background-meta":{"desktop":{"background-color":"var(--ast-global-color-5)","background-image":"","background-repeat":"repeat","background-position":"center center","background-size":"auto","background-attachment":"scroll","background-type":"","background-media":"","overlay-type":"","overlay-color":"","overlay-opacity":"","overlay-gradient":""},"tablet":{"background-color":"var(--ast-global-color-5)","background-image":"","background-repeat":"repeat","background-position":"center center","background-size":"auto","background-attachment":"scroll","background-type":"","background-media":"","overlay-type":"","overlay-color":"","overlay-opacity":"","overlay-gradient":""},"mobile":{"background-color":"var(--ast-global-color-5)","background-image":"","background-repeat":"repeat","background-position":"center center","background-size":"auto","background-attachment":"scroll","background-type":"","background-media":"","overlay-type":"","overlay-color":"","overlay-opacity":"","overlay-gradient":""}},"footnotes":""},"class_list":["post-28871","page","type-page","status-publish","hentry"],"_links":{"self":[{"href":"https:\/\/soluo-groupepb.org\/en\/wp-json\/wp\/v2\/pages\/28871","targetHints":{"allow":["GET"]}}],"collection":[{"href":"https:\/\/soluo-groupepb.org\/en\/wp-json\/wp\/v2\/pages"}],"about":[{"href":"https:\/\/soluo-groupepb.org\/en\/wp-json\/wp\/v2\/types\/page"}],"author":[{"embeddable":true,"href":"https:\/\/soluo-groupepb.org\/en\/wp-json\/wp\/v2\/users\/2"}],"replies":[{"embeddable":true,"href":"https:\/\/soluo-groupepb.org\/en\/wp-json\/wp\/v2\/comments?post=28871"}],"version-history":[{"count":58,"href":"https:\/\/soluo-groupepb.org\/en\/wp-json\/wp\/v2\/pages\/28871\/revisions"}],"predecessor-version":[{"id":30305,"href":"https:\/\/soluo-groupepb.org\/en\/wp-json\/wp\/v2\/pages\/28871\/revisions\/30305"}],"wp:attachment":[{"href":"https:\/\/soluo-groupepb.org\/en\/wp-json\/wp\/v2\/media?parent=28871"}],"curies":[{"name":"wp","href":"https:\/\/api.w.org\/{rel}","templated":true}]}}